{"id":11,"date":"2026-02-09T16:46:03","date_gmt":"2026-02-09T22:46:03","guid":{"rendered":"https:\/\/pascalmargarita.com\/cursos-en-linea\/pagina-de-registro-para-instructores\/"},"modified":"2026-02-09T19:53:20","modified_gmt":"2026-02-10T01:53:20","slug":"pagina-de-registro-para-instructores","status":"publish","type":"page","link":"https:\/\/pascalmargarita.com\/cursos-en-linea\/pagina-de-registro-para-instructores\/","title":{"rendered":"P\u00e1gina de registro para instructores"},"content":{"rendered":"\n\n\t<div id=\"tutor-registration-wrap\">\n\n\t\t\n\t\t<form method=\"post\" enctype=\"multipart\/form-data\" id=\"tutor-registration-form\">\n\n\t\t\t\n\t\t\t<input type=\"hidden\" id=\"_tutor_nonce\" name=\"_tutor_nonce\" value=\"6e85bca34e\" \/><input type=\"hidden\" name=\"_wp_http_referer\" value=\"\/cursos-en-linea\/wp-json\/wp\/v2\/pages\/11\" \/>\t\t\t<input type=\"hidden\" value=\"tutor_register_instructor\" name=\"tutor_action\"\/>\n\n\t\t\t\n\t\t\t<div class=\"tutor-form-row\">\n\t\t\t\t<div class=\"tutor-form-col-6\">\n\t\t\t\t\t<div class=\"tutor-form-group\">\n\t\t\t\t\t\t<label>\n\t\t\t\t\t\t\tNombre\t\t\t\t\t\t<\/label>\n\n\t\t\t\t\t\t<input type=\"text\" name=\"first_name\" value=\"\" placeholder=\"Nombre\" required autocomplete=\"given-name\">\n\t\t\t\t\t<\/div>\n\t\t\t\t<\/div>\n\n\t\t\t\t<div class=\"tutor-form-col-6\">\n\t\t\t\t\t<div class=\"tutor-form-group\">\n\t\t\t\t\t\t<label>\n\t\t\t\t\t\t\tApellidos\t\t\t\t\t\t<\/label>\n\n\t\t\t\t\t\t<input type=\"text\" name=\"last_name\" value=\"\" placeholder=\"Apellidos\" required autocomplete=\"family-name\">\n\t\t\t\t\t<\/div>\n\t\t\t\t<\/div>\n\n\n\t\t\t<\/div>\n\n\t\t\t<div class=\"tutor-form-row\">\n\n\t\t\t\t<div class=\"tutor-form-col-6\">\n\t\t\t\t\t<div class=\"tutor-form-group\">\n\t\t\t\t\t\t<label>\n\t\t\t\t\t\t\tNombre de usuario\t\t\t\t\t\t<\/label>\n\n\t\t\t\t\t\t<input type=\"text\" name=\"user_login\" class=\"tutor_user_name\" value=\"\" placeholder=\"Nombre de usuario\" required autocomplete=\"username\">\n\t\t\t\t\t<\/div>\n\t\t\t\t<\/div>\n\n\t\t\t\t<div class=\"tutor-form-col-6\">\n\t\t\t\t\t<div class=\"tutor-form-group\">\n\t\t\t\t\t\t<label>\n\t\t\t\t\t\t\tCorreo electr\u00f3nico\t\t\t\t\t\t<\/label>\n\n\t\t\t\t\t\t<input type=\"text\" name=\"email\" value=\"\" placeholder=\"Correo electr\u00f3nico\" required autocomplete=\"email\">\n\t\t\t\t\t<\/div>\n\t\t\t\t<\/div>\n\n\t\t\t<\/div>\n\n\t\t\t<div class=\"tutor-form-row\">\n\t\t\t\t<div class=\"tutor-form-col-6\">\n\t\t\t\t\t<div class=\"tutor-form-group\">\n\t\t\t\t\t\t<div class=\"tutor-password-strength-checker\">\n\t\t\t\t\t\t\t<div class=\"tutor-password-field\">\n\t\t\t\t\t\t\t\t<label>\n\t\t\t\t\t\t\t\t\tContrase\u00f1a\t\t\t\t\t\t\t\t<\/label>\n\n\t\t\t\t\t\t\t\t<input class=\"password-checker\" id=\"tutor-new-password\" type=\"password\" name=\"password\" value=\"\" placeholder=\"Contrase\u00f1a\" required autocomplete=\"new-password\">\n\t\t\t\t\t\t\t\t<span class=\"show-hide-btn\"><\/span>\n\t\t\t\t\t\t\t<\/div>\n\t\t\t\t\t\t\t<div class=\"tutor-password-strength-hint\">\n\t\t\t\t\t\t\t\t<div class=\"indicator\">\n\t\t\t\t\t\t\t\t\t<span class=\"weak\"><\/span>\n\t\t\t\t\t\t\t\t\t<span class=\"medium\"><\/span>\n\t\t\t\t\t\t\t\t\t<span class=\"strong\"><\/span>\n\t\t\t\t\t\t\t\t<\/div>\n\t\t\t\t\t\t\t\t<div class=\"text tutor-fs-7 tutor-color-muted\"><\/div>\n\t\t\t\t\t\t\t<\/div>\n\t\t\t\t\t\t<\/div>\n\t\t\t\t\t<\/div>\n\t\t\t\t<\/div>\n\n\t\t\t\t<div class=\"tutor-form-col-6\">\n\t\t\t\t\t<div class=\"tutor-form-group\">\n\t\t\t\t\t\t<label>\n\t\t\t\t\t\t\tConfirmaci\u00f3n de contrase\u00f1a\t\t\t\t\t\t<\/label>\n\n\t\t\t\t\t\t<div class=\"tutor-form-wrap\">\n\t\t\t\t\t\t\t<span class=\"tutor-validation-icon tutor-icon-mark tutor-color-success tutor-form-icon tutor-form-icon-reverse\" style=\"display: none;\"><\/span>\n\t\t\t\t\t\t\t<input type=\"password\" name=\"password_confirmation\" value=\"\" placeholder=\"Confirmaci\u00f3n de contrase\u00f1a\" required autocomplete=\"new-password\" style=\"margin-bottom: 0;\">\n\t\t\t\t\t\t<\/div>\n\t\t\t\t\t<\/div>\n\t\t\t\t<\/div>\n\t\t\t<\/div>\n\n\t\t\t<div class=\"tutor-form-row\">\n\t\t\t\t<div class=\"tutor-form-col-12\">\n\t\t\t\t\t<div class=\"tutor-form-group\">\n\t\t\t\t\t\t<p class=\"register-form-captcha\">\r\n                <label><b>Captcha <\/b><span class=\"required\">*<\/span><\/label>\r\n                <div style=\"clear:both;\"><\/div><div style=\"clear:both;\"><\/div><img decoding=\"async\" src=\"data:image\/png;base64,\/9j\/4AAQSkZJRgABAQEAYABgAAD\/\/gA+Q1JFQVRPUjogZ2QtanBlZyB2MS4wICh1c2luZyBJSkcgSlBFRyB2NjIpLCBkZWZhdWx0IHF1YWxpdHkK\/9sAQwAIBgYHBgUIBwcHCQkICgwUDQwLCwwZEhMPFB0aHx4dGhwcICQuJyAiLCMcHCg3KSwwMTQ0NB8nOT04MjwuMzQy\/9sAQwEJCQkMCwwYDQ0YMiEcITIyMjIyMjIyMjIyMjIyMjIyMjIyMjIyMjIyMjIyMjIyMjIyMjIyMjIyMjIyMjIyMjIy\/8AAEQgAKAB4AwEiAAIRAQMRAf\/EAB8AAAEFAQEBAQEBAAAAAAAAAAABAgMEBQYHCAkKC\/\/EALUQAAIBAwMCBAMFBQQEAAABfQECAwAEEQUSITFBBhNRYQcicRQygZGhCCNCscEVUtHwJDNicoIJChYXGBkaJSYnKCkqNDU2Nzg5OkNERUZHSElKU1RVVldYWVpjZGVmZ2hpanN0dXZ3eHl6g4SFhoeIiYqSk5SVlpeYmZqio6Slpqeoqaqys7S1tre4ubrCw8TFxsfIycrS09TV1tfY2drh4uPk5ebn6Onq8fLz9PX29\/j5+v\/EAB8BAAMBAQEBAQEBAQEAAAAAAAABAgMEBQYHCAkKC\/\/EALURAAIBAgQEAwQHBQQEAAECdwABAgMRBAUhMQYSQVEHYXETIjKBCBRCkaGxwQkjM1LwFWJy0QoWJDThJfEXGBkaJicoKSo1Njc4OTpDREVGR0hJSlNUVVZXWFlaY2RlZmdoaWpzdHV2d3h5eoKDhIWGh4iJipKTlJWWl5iZmqKjpKWmp6ipqrKztLW2t7i5usLDxMXGx8jJytLT1NXW19jZ2uLj5OXm5+jp6vLz9PX29\/j5+v\/aAAwDAQACEQMRAD8A9\/orIm0a+lnkkTxLqsKsxYRpHalUBPQboScDpySfeo\/svij\/AKDGj\/8Agql\/+SKqy7iubE0MVzBJBPEksMilHjdQyspGCCD1BHasuGaXR547O8leWykYJa3UjFmRicCKVj1JPCufvcK3z4MlW7ute0e1e9vb\/QZ7dMB\/OV7BEycBjIWlHXA27RnPXjBwLvx75rpp7WmiagLxXRY7W9uLtJgB86fu7VgSFOSvUAgkYIqowk9tUJtHUzeHLMzyXNlLc6bcyMXaSyl2Kzk\/M7RHMbsehZkJ6c5AI5a51vxJ4c1G9txfWHiWGJWlaKQi1uLUcMBLIimFFCAsDJsLc46AHzDxb42l13QL7R9RiaJbOWE2kZO+dJTnckzybXIQb0JEechdznq\/Pt4gd\/h8ujyWjyqk+2K4e7ysQ3F9qw9A2S37z72GK5xxXVDDyt7xm6i6HsVr40vL7UYXv7xNEJVpITqS+VZsOBmJlb\/SyAxG7zY0IZHVCRx3l1qum6JBbx6rq9tAzLtWS8mjiaYqBk\/wgnkE4AHPQV88614U8UeH\/hzDJfXdouj3E0dwLSI4lErrwX+TJwuRjdgHHpUU\/gjUdC8Faf420\/VSGbY7LGpjeDcdoIYE55wO3Wh0IStr5AptdD6SsNRttTgae0Z3hDbRIY2VX4B3IWA3qQRhlyp7E0X9hFqECo7PHJG3mQzRkB4XAIDKTnnBIwQQQSCCCQfC9e1bxBrPwdTUtVn+2QXVwgEpkRWjZXYf6tYlwDjGd7ngHAycc\/F4Mji8I\/8ACRaX4mibU4IBdS6ci+XPCmQC2d+7AyCDtAIII6jOaw63cra2G6nkfRthfytO1hfqkd\/Gu\/5AQlwgIHmR5zxkgMpJKEgEkFWYF\/LDrb2V0qLDMqtZygEeYwB3xHr8wC7x0yrHAPlsa4rwrHdeNvA2m6u14bTXYd0QvhHvyUZgpZcjcQGJHI5Zgco7o+jLrN1q1jPot1afZfF1thoFiBMYcghLqNz\/AMseu7POC0ZDFgr5OFm0WpaHa0yaaK2gknnlSKGNS7yOwVVUDJJJ6ADvVHRb+W\/04G6VEvoGMF3GgICyrwxAPIVuGXPJRlPeqsX\/ABP76C7HzaRb5aEN926lyCsoH9xMHaTkMW3gYVGaLa6jubdFFFSMZNNFbQSTzypFDGpd5HYKqqBkkk9AB3rnb\/x3oVjAswuHuI3bZFLGu2CVsEkLcPthJADcb+qkdeK1NagWXTjL9ltria2YTwm4gMwidf8AloqKCzMoyQFwSeARnI437P4nvdU33ekakQOEnkuoEHzLghFjlxbqCWXzAs02x2AYHFaQjF6slt9DOm+J82qwSPYXmlaXbSKVt5JZ457mVmHH7p3jWEoA24yEqTtC7wQToxfDN9Tknn8R61qVx9okV5baO9ZkkVW3CORtqhkDZZQsce3ewyeCN6wt9c0yBobLw\/okKs29yNVlLSOQAXdjb5ZjgZYkk9zWf\/wg2\/5\/7N8Hw7ufK\/sHzdn+zv8ANXdjpu2rnrgdK05kvh0\/Emze+pM\/w60e2juX0ZptOvZ7Y2rXBb7UGi2hRGyTb1KfKnAwcKACBmvn658Mvo3xBHh+4Md55F0in5igmQ4YDgMQSp+6oY5OFDHGfe\/+FbabN+8uGs4pT95LPSLNIh\/urJFIw98uec9BwPOovAc6\/GI2kul38mhMWR7lLcwRspgORuhVFAJO04xnoc5OdqFS17yvoTOO2hc+KXjS31TwqukTaZfWF6ZlkVbiLYrhOCUDYk2nd8rMi52noQQONt\/FOp+JNE0zwXLeabpmnR4DXM5KhtuWG9skD6YHOOa734o+GLi18ONFDHqupB7yNraVrye4MZYlfLaNnIzlgEcDkHacNgycZqvgOeTwlp1zpui30es25Eeo2nlu8jhxujmCH5gvDKeANysP4STpSdPkXqTLmudX43m8Pab8Ibbw\/pOuWF9JbyR8Q3KO7ncWZtoJOMkn2zVqfUdMufgfFZXFldyzQ6eGieTTJmjSQAgMJCmwdT8wPfrXN6p4R1+fwDDNb6drEaF1UaVFPMUibJ3H7K6EgZydwkbJOcAEhcSbVPH66VaeFLpLy2s7tRbW9rc2iQeaAR8qsygnkr37j1pKCaVns7g3Z7HU\/D258Q2HhS1m0e4ugslxOqW08EE1vczbPkRf3izJ90kkAqPvHChjXVas9+g87xVaX9nqkDNNa67pMbXFpZKiZzsHzqpyVdXU7+fm2quzM8HeHPEvha3QaqmpWwtEb7NPZJBdwqsux3SSJVMzfOiAlD64Kgbju2\/iy912axstF8W6DNNf+aN0enOksCqjZfY8\/LbgoCkcglsFVNZTd5Nq1iltZmRb+M7DxG832mS2hYWgh1sQ3KkXdqA7hrdT85AUyM4+V0R3XDOFK+tVxWofDXStT0uMSrDa61Dl4tVsI2hkEu4ESNl2Z24GS7FidxBBOa5DTNV8YeDNYj8Pl4bzTxtjtILwjzAedkCS5Rfn52u\/BVCFUOrQjNxjUXuPYpNx3PZKK57Q\/FP9o3RsNT0+bSdSHCw3B+Sc4JYQsQpl2AfMVGBngsCGJWDTTsy07nQ0UUUhhRRRQAUUUUAMmhiuYJIJ4klhkUo8bqGVlIwQQeoI7VzWoW11Y+XGJv30eV0vUJ2J2O2ALe4bksjkKAx5bgHEqo7lFVB6iZ0Npc\/a7VJvJmgLZDRTLtdCDgg9jyDyCQeoJBBMk0MVzBJBPEksMilHjdQyspGCCD1BHaiik9xhDDFbQRwQRJFDGoRI0UKqqBgAAdAB2rH1fwzZan50qJDDcTbfPZrdJI7nbjasyMMSKCq46MACFZcnJRQm07oLDIdTl0SCO21XT0trWFQiXdkpa2VQMDco+aEYBJyDGgAzITVrXdCtdcsZIpY4RciN0t7l4g7QFhgkA9VOBuXowyrZBIooqnpaSF5GXpcUl\/avYX9v\/aFgZGguLa9KSvaSRnIBLAGWIgKysw8z5kY7g+UKKKJSaegktD\/\/2Q==\" width=\"100\"><label>Type the text displayed above:<\/label>\r\n                <input id=\"captcha_code\" name=\"captcha_code\" size=\"15\" type=\"text\" \/>\r\n                <\/p>\t\t\t\t\t<\/div>\n\t\t\t\t<\/div>\n\t\t\t<\/div> \n\n\t\t\t\n\t\t\t\n\t\t\t\n\t\t\t<div>\n\t\t\t\t<button type=\"submit\" name=\"tutor_register_instructor_btn\" value=\"register\" class=\"tutor-btn tutor-btn-primary tutor-btn-block\">Registrarse como instructor<\/button>\n\t\t\t<\/div>\n\t\t\t\n\t\t<\/form>\n\t\t\t<\/div>\n\n\t","protected":false},"excerpt":{"rendered":"<p>Nombre Apellidos Nombre de usuario Correo electr\u00f3nico Contrase\u00f1a Confirmaci\u00f3n de contrase\u00f1a Captcha * Type the text displayed above: Registrarse como [&hellip;]<\/p>\n","protected":false},"author":1,"featured_media":0,"parent":0,"menu_order":20,"comment_status":"closed","ping_status":"closed","template":"","meta":{"site-sidebar-layout":"default","site-content-layout":"","ast-site-content-layout":"default","site-content-style":"default","site-sidebar-style":"default","ast-global-header-display":"","ast-banner-title-visibility":"","ast-main-header-display":"","ast-hfb-above-header-display":"","ast-hfb-below-header-display":"","ast-hfb-mobile-header-display":"","site-post-title":"","ast-breadcrumbs-content":"","ast-featured-img":"","footer-sml-layout":"","ast-disable-related-posts":"","theme-transparent-header-meta":"","adv-header-id-meta":"","stick-header-meta":"","header-above-stick-meta":"","header-main-stick-meta":"","header-below-stick-meta":"","astra-migrate-meta-layouts":"default","ast-page-background-enabled":"default","ast-page-background-meta":{"desktop":{"background-color":"var(--ast-global-color-5)","background-image":"","background-repeat":"repeat","background-position":"center center","background-size":"auto","background-attachment":"scroll","background-type":"","background-media":"","overlay-type":"","overlay-color":"","overlay-opacity":"","overlay-gradient":""},"tablet":{"background-color":"","background-image":"","background-repeat":"repeat","background-position":"center center","background-size":"auto","background-attachment":"scroll","background-type":"","background-media":"","overlay-type":"","overlay-color":"","overlay-opacity":"","overlay-gradient":""},"mobile":{"background-color":"","background-image":"","background-repeat":"repeat","background-position":"center center","background-size":"auto","background-attachment":"scroll","background-type":"","background-media":"","overlay-type":"","overlay-color":"","overlay-opacity":"","overlay-gradient":""}},"ast-content-background-meta":{"desktop":{"background-color":"var(--ast-global-color-4)","background-image":"","background-repeat":"repeat","background-position":"center center","background-size":"auto","background-attachment":"scroll","background-type":"","background-media":"","overlay-type":"","overlay-color":"","overlay-opacity":"","overlay-gradient":""},"tablet":{"background-color":"var(--ast-global-color-4)","background-image":"","background-repeat":"repeat","background-position":"center center","background-size":"auto","background-attachment":"scroll","background-type":"","background-media":"","overlay-type":"","overlay-color":"","overlay-opacity":"","overlay-gradient":""},"mobile":{"background-color":"var(--ast-global-color-4)","background-image":"","background-repeat":"repeat","background-position":"center center","background-size":"auto","background-attachment":"scroll","background-type":"","background-media":"","overlay-type":"","overlay-color":"","overlay-opacity":"","overlay-gradient":""}},"footnotes":""},"class_list":["post-11","page","type-page","status-publish","hentry"],"yoast_head":"<!-- This site is optimized with the Yoast SEO plugin v27.6 - https:\/\/yoast.com\/product\/yoast-seo-wordpress\/ -->\n<title>P\u00e1gina de registro para instructores -<\/title>\n<meta name=\"robots\" content=\"index, follow, max-snippet:-1, max-image-preview:large, max-video-preview:-1\" \/>\n<link rel=\"canonical\" href=\"https:\/\/pascalmargarita.com\/cursos-en-linea\/pagina-de-registro-para-instructores\/\" \/>\n<meta property=\"og:locale\" content=\"es_MX\" \/>\n<meta property=\"og:type\" content=\"article\" \/>\n<meta property=\"og:title\" content=\"P\u00e1gina de registro para instructores -\" \/>\n<meta property=\"og:description\" content=\"Nombre Apellidos Nombre de usuario Correo electr\u00f3nico Contrase\u00f1a Confirmaci\u00f3n de contrase\u00f1a Captcha * Type the text displayed above: Registrarse como [&hellip;]\" \/>\n<meta property=\"og:url\" content=\"https:\/\/pascalmargarita.com\/cursos-en-linea\/pagina-de-registro-para-instructores\/\" \/>\n<meta property=\"article:modified_time\" content=\"2026-02-10T01:53:20+00:00\" \/>\n<meta name=\"twitter:card\" content=\"summary_large_image\" \/>\n<script type=\"application\/ld+json\" class=\"yoast-schema-graph\">{\"@context\":\"https:\\\/\\\/schema.org\",\"@graph\":[{\"@type\":\"WebPage\",\"@id\":\"https:\\\/\\\/pascalmargarita.com\\\/cursos-en-linea\\\/pagina-de-registro-para-instructores\\\/\",\"url\":\"https:\\\/\\\/pascalmargarita.com\\\/cursos-en-linea\\\/pagina-de-registro-para-instructores\\\/\",\"name\":\"P\u00e1gina de registro para instructores -\",\"isPartOf\":{\"@id\":\"https:\\\/\\\/pascalmargarita.com\\\/cursos-en-linea\\\/#website\"},\"datePublished\":\"2026-02-09T22:46:03+00:00\",\"dateModified\":\"2026-02-10T01:53:20+00:00\",\"breadcrumb\":{\"@id\":\"https:\\\/\\\/pascalmargarita.com\\\/cursos-en-linea\\\/pagina-de-registro-para-instructores\\\/#breadcrumb\"},\"inLanguage\":\"es\",\"potentialAction\":[{\"@type\":\"ReadAction\",\"target\":[\"https:\\\/\\\/pascalmargarita.com\\\/cursos-en-linea\\\/pagina-de-registro-para-instructores\\\/\"]}]},{\"@type\":\"BreadcrumbList\",\"@id\":\"https:\\\/\\\/pascalmargarita.com\\\/cursos-en-linea\\\/pagina-de-registro-para-instructores\\\/#breadcrumb\",\"itemListElement\":[{\"@type\":\"ListItem\",\"position\":1,\"name\":\"Inicio\",\"item\":\"https:\\\/\\\/pascalmargarita.com\\\/cursos-en-linea\\\/\"},{\"@type\":\"ListItem\",\"position\":2,\"name\":\"P\u00e1gina de registro para instructores\"}]},{\"@type\":\"WebSite\",\"@id\":\"https:\\\/\\\/pascalmargarita.com\\\/cursos-en-linea\\\/#website\",\"url\":\"https:\\\/\\\/pascalmargarita.com\\\/cursos-en-linea\\\/\",\"name\":\"Cursos Pascal Margarita\",\"description\":\"\",\"publisher\":{\"@id\":\"https:\\\/\\\/pascalmargarita.com\\\/cursos-en-linea\\\/#organization\"},\"potentialAction\":[{\"@type\":\"SearchAction\",\"target\":{\"@type\":\"EntryPoint\",\"urlTemplate\":\"https:\\\/\\\/pascalmargarita.com\\\/cursos-en-linea\\\/?s={search_term_string}\"},\"query-input\":{\"@type\":\"PropertyValueSpecification\",\"valueRequired\":true,\"valueName\":\"search_term_string\"}}],\"inLanguage\":\"es\"},{\"@type\":\"Organization\",\"@id\":\"https:\\\/\\\/pascalmargarita.com\\\/cursos-en-linea\\\/#organization\",\"name\":\"Cursos Pascal Margarita\",\"alternateName\":\"Cursos Pascal Margarita\",\"url\":\"https:\\\/\\\/pascalmargarita.com\\\/cursos-en-linea\\\/\",\"logo\":{\"@type\":\"ImageObject\",\"inLanguage\":\"es\",\"@id\":\"https:\\\/\\\/pascalmargarita.com\\\/cursos-en-linea\\\/#\\\/schema\\\/logo\\\/image\\\/\",\"url\":\"https:\\\/\\\/pascalmargarita.com\\\/cursos-en-linea\\\/wp-content\\\/uploads\\\/2026\\\/02\\\/cropped-logo.jpg\",\"contentUrl\":\"https:\\\/\\\/pascalmargarita.com\\\/cursos-en-linea\\\/wp-content\\\/uploads\\\/2026\\\/02\\\/cropped-logo.jpg\",\"width\":383,\"height\":127,\"caption\":\"Cursos Pascal Margarita\"},\"image\":{\"@id\":\"https:\\\/\\\/pascalmargarita.com\\\/cursos-en-linea\\\/#\\\/schema\\\/logo\\\/image\\\/\"}}]}<\/script>\n<!-- \/ Yoast SEO plugin. -->","yoast_head_json":{"title":"P\u00e1gina de registro para instructores -","robots":{"index":"index","follow":"follow","max-snippet":"max-snippet:-1","max-image-preview":"max-image-preview:large","max-video-preview":"max-video-preview:-1"},"canonical":"https:\/\/pascalmargarita.com\/cursos-en-linea\/pagina-de-registro-para-instructores\/","og_locale":"es_MX","og_type":"article","og_title":"P\u00e1gina de registro para instructores -","og_description":"Nombre Apellidos Nombre de usuario Correo electr\u00f3nico Contrase\u00f1a Confirmaci\u00f3n de contrase\u00f1a Captcha * Type the text displayed above: Registrarse como [&hellip;]","og_url":"https:\/\/pascalmargarita.com\/cursos-en-linea\/pagina-de-registro-para-instructores\/","article_modified_time":"2026-02-10T01:53:20+00:00","twitter_card":"summary_large_image","schema":{"@context":"https:\/\/schema.org","@graph":[{"@type":"WebPage","@id":"https:\/\/pascalmargarita.com\/cursos-en-linea\/pagina-de-registro-para-instructores\/","url":"https:\/\/pascalmargarita.com\/cursos-en-linea\/pagina-de-registro-para-instructores\/","name":"P\u00e1gina de registro para instructores -","isPartOf":{"@id":"https:\/\/pascalmargarita.com\/cursos-en-linea\/#website"},"datePublished":"2026-02-09T22:46:03+00:00","dateModified":"2026-02-10T01:53:20+00:00","breadcrumb":{"@id":"https:\/\/pascalmargarita.com\/cursos-en-linea\/pagina-de-registro-para-instructores\/#breadcrumb"},"inLanguage":"es","potentialAction":[{"@type":"ReadAction","target":["https:\/\/pascalmargarita.com\/cursos-en-linea\/pagina-de-registro-para-instructores\/"]}]},{"@type":"BreadcrumbList","@id":"https:\/\/pascalmargarita.com\/cursos-en-linea\/pagina-de-registro-para-instructores\/#breadcrumb","itemListElement":[{"@type":"ListItem","position":1,"name":"Inicio","item":"https:\/\/pascalmargarita.com\/cursos-en-linea\/"},{"@type":"ListItem","position":2,"name":"P\u00e1gina de registro para instructores"}]},{"@type":"WebSite","@id":"https:\/\/pascalmargarita.com\/cursos-en-linea\/#website","url":"https:\/\/pascalmargarita.com\/cursos-en-linea\/","name":"Cursos Pascal Margarita","description":"","publisher":{"@id":"https:\/\/pascalmargarita.com\/cursos-en-linea\/#organization"},"potentialAction":[{"@type":"SearchAction","target":{"@type":"EntryPoint","urlTemplate":"https:\/\/pascalmargarita.com\/cursos-en-linea\/?s={search_term_string}"},"query-input":{"@type":"PropertyValueSpecification","valueRequired":true,"valueName":"search_term_string"}}],"inLanguage":"es"},{"@type":"Organization","@id":"https:\/\/pascalmargarita.com\/cursos-en-linea\/#organization","name":"Cursos Pascal Margarita","alternateName":"Cursos Pascal Margarita","url":"https:\/\/pascalmargarita.com\/cursos-en-linea\/","logo":{"@type":"ImageObject","inLanguage":"es","@id":"https:\/\/pascalmargarita.com\/cursos-en-linea\/#\/schema\/logo\/image\/","url":"https:\/\/pascalmargarita.com\/cursos-en-linea\/wp-content\/uploads\/2026\/02\/cropped-logo.jpg","contentUrl":"https:\/\/pascalmargarita.com\/cursos-en-linea\/wp-content\/uploads\/2026\/02\/cropped-logo.jpg","width":383,"height":127,"caption":"Cursos Pascal Margarita"},"image":{"@id":"https:\/\/pascalmargarita.com\/cursos-en-linea\/#\/schema\/logo\/image\/"}}]}},"_links":{"self":[{"href":"https:\/\/pascalmargarita.com\/cursos-en-linea\/wp-json\/wp\/v2\/pages\/11","targetHints":{"allow":["GET"]}}],"collection":[{"href":"https:\/\/pascalmargarita.com\/cursos-en-linea\/wp-json\/wp\/v2\/pages"}],"about":[{"href":"https:\/\/pascalmargarita.com\/cursos-en-linea\/wp-json\/wp\/v2\/types\/page"}],"author":[{"embeddable":true,"href":"https:\/\/pascalmargarita.com\/cursos-en-linea\/wp-json\/wp\/v2\/users\/1"}],"replies":[{"embeddable":true,"href":"https:\/\/pascalmargarita.com\/cursos-en-linea\/wp-json\/wp\/v2\/comments?post=11"}],"version-history":[{"count":1,"href":"https:\/\/pascalmargarita.com\/cursos-en-linea\/wp-json\/wp\/v2\/pages\/11\/revisions"}],"predecessor-version":[{"id":42,"href":"https:\/\/pascalmargarita.com\/cursos-en-linea\/wp-json\/wp\/v2\/pages\/11\/revisions\/42"}],"wp:attachment":[{"href":"https:\/\/pascalmargarita.com\/cursos-en-linea\/wp-json\/wp\/v2\/media?parent=11"}],"curies":[{"name":"wp","href":"https:\/\/api.w.org\/{rel}","templated":true}]}}